{"id":9,"date":"2018-02-01T11:55:27","date_gmt":"2018-02-01T11:55:27","guid":{"rendered":"http:\/\/ruegi.de\/wordpress\/?page_id=9"},"modified":"2018-02-13T16:20:43","modified_gmt":"2018-02-13T16:20:43","slug":"kontakt","status":"publish","type":"page","link":"https:\/\/ruegi.de\/index.php\/kontakt\/","title":{"rendered":"Kontakt"},"content":{"rendered":"<div class=\"item-page\">\n<article class=\"art-post\">\n<h2 class=\"art-postheader\"><img loading=\"lazy\" decoding=\"async\" class=\"alignnone size-medium wp-image-56\" src=\"http:\/\/ruegi.de\/wordpress\/wp-content\/uploads\/2018\/02\/header_klein-300x85.jpg\" alt=\"\" width=\"300\" height=\"85\" \/><\/h2>\n<h2 class=\"art-postheader\">Impressum<\/h2>\n<div class=\"art-postcontent clearfix\">\n<div class=\"art-article\">\n<p>.Walter Hanel<\/p>\n<p>Nibelungen Weg 2<br \/>\n21357 St.Dionys<\/p>\n<p>Tel.041332258735<br \/>\nFax. 041332258736<br \/>\nMobil 01712819137<br \/>\n<span id=\"cloak29517\"><a href=\"mailto:walter.hanel@t-online.de\">walter.hanel@t-online.de<\/a><\/span><\/p>\n<p>Steuer Nr.: 33\/214\/01543<\/p>\n<p><strong>Haftungshinweis:<br \/>\n<\/strong>Trotz sorgf\u00e4ltiger inhaltlicher Kontrolle \u00fcbernehmen wir keine Haftung f\u00fcr die Inhalte externer Links. F\u00fcr den Inhalt der verlinkten Seiten sind ausschlie\u00dflich deren Betreiber verantwortlich.<\/p>\n<\/div>\n<p><strong>Copyright 2014 Walter Hanel<\/strong><\/p>\n<\/div>\n<\/article>\n<\/div>\n","protected":false},"excerpt":{"rendered":"<p>Impressum .Walter Hanel Nibelungen Weg 2 21357 St.Dionys Tel.041332258735 Fax. 041332258736 Mobil 01712819137 walter.hanel@t-online.de Steuer Nr.: 33\/214\/01543 Haftungshinweis: Trotz sorgf\u00e4ltiger inhaltlicher Kontrolle \u00fcbernehmen wir keine Haftung f\u00fcr die Inhalte externer Links. F\u00fcr den Inhalt der verlinkten Seiten sind ausschlie\u00dflich deren Betreiber verantwortlich. Copyright 2014 Walter Hanel<\/p>\n","protected":false},"author":1,"featured_media":0,"parent":0,"menu_order":0,"comment_status":"closed","ping_status":"closed","template":"","meta":{"footnotes":""},"class_list":["post-9","page","type-page","status-publish","hentry"],"_links":{"self":[{"href":"https:\/\/ruegi.de\/index.php\/wp-json\/wp\/v2\/pages\/9"}],"collection":[{"href":"https:\/\/ruegi.de\/index.php\/wp-json\/wp\/v2\/pages"}],"about":[{"href":"https:\/\/ruegi.de\/index.php\/wp-json\/wp\/v2\/types\/page"}],"author":[{"embeddable":true,"href":"https:\/\/ruegi.de\/index.php\/wp-json\/wp\/v2\/users\/1"}],"replies":[{"embeddable":true,"href":"https:\/\/ruegi.de\/index.php\/wp-json\/wp\/v2\/comments?post=9"}],"version-history":[{"count":4,"href":"https:\/\/ruegi.de\/index.php\/wp-json\/wp\/v2\/pages\/9\/revisions"}],"predecessor-version":[{"id":57,"href":"https:\/\/ruegi.de\/index.php\/wp-json\/wp\/v2\/pages\/9\/revisions\/57"}],"wp:attachment":[{"href":"https:\/\/ruegi.de\/index.php\/wp-json\/wp\/v2\/media?parent=9"}],"curies":[{"name":"wp","href":"https:\/\/api.w.org\/{rel}","templated":true}]}}