{"id":7,"date":"2018-02-01T11:55:27","date_gmt":"2018-02-01T11:55:27","guid":{"rendered":"http:\/\/ruegi.de\/wordpress\/?page_id=7"},"modified":"2025-05-03T14:53:25","modified_gmt":"2025-05-03T14:53:25","slug":"startseite","status":"publish","type":"page","link":"https:\/\/ruegi.de\/","title":{"rendered":"Startseite"},"content":{"rendered":"<p><strong>Willkommen auf R\u00fcgis Webseite.<\/strong><\/p>\n<p><a id=\"set-post-thumbnail\" class=\"thickbox\" href=\"http:\/\/ruegi.de\/wordpress\/wp-admin\/media-upload.php?post_id=7&amp;type=image&amp;TB_iframe=1\" aria-describedby=\"set-post-thumbnail-desc\"><img loading=\"lazy\" decoding=\"async\" class=\"attachment-266x266 size-266x266\" src=\"http:\/\/ruegi.de\/wordpress\/wp-content\/uploads\/2018\/02\/ruegi_figur.jpg\" alt=\"\" width=\"252\" height=\"193\" \/><\/a><\/p>\n<p>Maskottchen gibt es viele, aber nur einen R\u00fcgi, und seine Heimat ist nat\u00fcrlich R\u00fcgen. Er hat ja schlie\u00dflich Geschmack und liebt diese Insel. Keine Ecke die er nicht schon erkundet hat. Als Gespenst kommt er halt schnell herum. Niemand muss sich f\u00fcrchten, R\u00fcgi ist ein liebes und hilfsbereites Gespenst. Schabernack mag er aber auch. Seht selbst.<\/p>\n<p>Und in diesem Jahr hat R\u00fcgi einen besonderen Geburtstag. Er wird 25. Grund genug ein frisches Mal- und Lesebuch herauszubringen. Viel Spass damit.<\/p>\n<p><img loading=\"lazy\" decoding=\"async\" class=\"alignnone wp-image-118 \" src=\"http:\/\/ruegi.de\/wp-content\/uploads\/2025\/05\/Ruegi_25_S1neu_72-300x300.jpg\" alt=\"\" width=\"393\" height=\"393\" srcset=\"https:\/\/ruegi.de\/wp-content\/uploads\/2025\/05\/Ruegi_25_S1neu_72-300x300.jpg 300w, https:\/\/ruegi.de\/wp-content\/uploads\/2025\/05\/Ruegi_25_S1neu_72-150x150.jpg 150w, https:\/\/ruegi.de\/wp-content\/uploads\/2025\/05\/Ruegi_25_S1neu_72.jpg 600w\" sizes=\"(max-width: 393px) 100vw, 393px\" \/><\/p>\n<p class=\"hide-if-no-js\">\n","protected":false},"excerpt":{"rendered":"<p>Willkommen auf R\u00fcgis Webseite. Maskottchen gibt es viele, aber nur einen R\u00fcgi, und seine Heimat ist nat\u00fcrlich R\u00fcgen. Er hat ja schlie\u00dflich Geschmack und liebt diese Insel. Keine Ecke die er nicht schon erkundet hat. Als Gespenst kommt er halt schnell herum. Niemand muss sich f\u00fcrchten, R\u00fcgi ist ein liebes und hilfsbereites Gespenst. Schabernack mag [&hellip;]<\/p>\n","protected":false},"author":1,"featured_media":0,"parent":0,"menu_order":0,"comment_status":"closed","ping_status":"closed","template":"","meta":{"footnotes":""},"class_list":["post-7","page","type-page","status-publish","hentry"],"_links":{"self":[{"href":"https:\/\/ruegi.de\/index.php\/wp-json\/wp\/v2\/pages\/7"}],"collection":[{"href":"https:\/\/ruegi.de\/index.php\/wp-json\/wp\/v2\/pages"}],"about":[{"href":"https:\/\/ruegi.de\/index.php\/wp-json\/wp\/v2\/types\/page"}],"author":[{"embeddable":true,"href":"https:\/\/ruegi.de\/index.php\/wp-json\/wp\/v2\/users\/1"}],"replies":[{"embeddable":true,"href":"https:\/\/ruegi.de\/index.php\/wp-json\/wp\/v2\/comments?post=7"}],"version-history":[{"count":6,"href":"https:\/\/ruegi.de\/index.php\/wp-json\/wp\/v2\/pages\/7\/revisions"}],"predecessor-version":[{"id":123,"href":"https:\/\/ruegi.de\/index.php\/wp-json\/wp\/v2\/pages\/7\/revisions\/123"}],"wp:attachment":[{"href":"https:\/\/ruegi.de\/index.php\/wp-json\/wp\/v2\/media?parent=7"}],"curies":[{"name":"wp","href":"https:\/\/api.w.org\/{rel}","templated":true}]}}